{"id":3080,"date":"2024-05-21T09:44:01","date_gmt":"2024-05-21T09:44:01","guid":{"rendered":"https:\/\/theodyshotel.com\/contact-us\/"},"modified":"2025-11-05T12:09:40","modified_gmt":"2025-11-05T12:09:40","slug":"contact-us","status":"publish","type":"page","link":"https:\/\/theodyshotel.com\/es\/contact-us\/","title":{"rendered":"Contactos"},"content":{"rendered":"\t\t<div data-elementor-type=\"wp-page\" data-elementor-id=\"3080\" class=\"elementor elementor-3080 elementor-421\">\n\t\t\t\t\t\t<section class=\"elementor-section elementor-top-section elementor-element elementor-element-b67e943 elementor-section-full_width elementor-section-height-default elementor-section-height-default\" data-id=\"b67e943\" data-element_type=\"section\">\n\t\t\t\t\t\t<div class=\"elementor-container elementor-column-gap-no\">\n\t\t\t\t\t<div class=\"elementor-column elementor-col-100 elementor-top-column elementor-element elementor-element-a852a71\" data-id=\"a852a71\" data-element_type=\"column\">\n\t\t\t<div class=\"elementor-widget-wrap elementor-element-populated\">\n\t\t\t\t\t\t<div class=\"elementor-element elementor-element-fbade5c elementor-align-left elementor-widget elementor-widget-pages-banner\" data-id=\"fbade5c\" data-element_type=\"widget\" data-widget_type=\"pages-banner.default\">\n\t\t\t\t<div class=\"elementor-widget-container\">\n\t\t\t\r\n\t\t\t\t<div class=\"banner-header section-padding valign bg-img bg-fixed bg-position-bottom\" data-overlay-dark=\"6\" data-background=\"https:\/\/theodyshotel.com\/wp-content\/uploads\/2024\/08\/odys-premium-1.jpg\">\r\n\t\t\t\t\t<div class=\"container\">\r\n\t\t\t\t<div class=\"row\">\r\n\t\t\t\t\t<div class=\"col-md-12 text-center caption mt-20\">\r\n\t\t\t\t\t\t\t\t\t\t\t\t\t\t\t\t\t\t\t\t\t\t\t\t<h1>Contact Us<\/h1>\r\n\t\t\t\t\t\t\t\t\t\t\t<\/div>\r\n\t\t\t\t<\/div>\r\n\t\t\t<\/div>\r\n\t\t<\/div>\r\n\r\n\t\t\r\n\t\t\t<\/div>\n\t\t\t\t<\/div>\n\t\t\t\t\t<\/div>\n\t\t<\/div>\n\t\t\t\t\t<\/div>\n\t\t<\/section>\n\t\t<div class=\"elementor-element elementor-element-787fe36 e-con-full e-flex e-con e-parent\" data-id=\"787fe36\" data-element_type=\"container\">\n\t\t\t\t<div class=\"elementor-element elementor-element-965968a elementor-widget elementor-widget-html\" data-id=\"965968a\" data-element_type=\"widget\" data-widget_type=\"html.default\">\n\t\t\t\t<div class=\"elementor-widget-container\">\n\t\t\t<!-- start Search form script -->\n<div id=\"block-search\" class=\"block-search block-search--main\">\n  <div id=\"be-search-form\" class=\"be-container\">\n    <a href=\"https:\/\/exely.com\/\" rel=\"nofollow\" target=\"_blank\">Hotel management software<\/a>\n  <\/div>\n<\/div>\n<!-- end Search form script -->\t\t<\/div>\n\t\t\t\t<\/div>\n\t\t\t\t<\/div>\n\t\t\t\t<section class=\"elementor-section elementor-top-section elementor-element elementor-element-0dc7543 elementor-section-full_width elementor-section-height-default elementor-section-height-default\" data-id=\"0dc7543\" data-element_type=\"section\">\n\t\t\t\t\t\t<div class=\"elementor-container elementor-column-gap-no\">\n\t\t\t\t\t<div class=\"elementor-column elementor-col-100 elementor-top-column elementor-element elementor-element-945ca7e\" data-id=\"945ca7e\" data-element_type=\"column\">\n\t\t\t<div class=\"elementor-widget-wrap elementor-element-populated\">\n\t\t\t\t\t\t<div class=\"elementor-element elementor-element-3db0680 elementor-align-left elementor-widget elementor-widget-pages-contact\" data-id=\"3db0680\" data-element_type=\"widget\" data-widget_type=\"pages-contact.default\">\n\t\t\t\t<div class=\"elementor-widget-container\">\n\t\t\t\r\n\t\t<section class=\"contact section-padding\">\r\n            <div class=\"container\">\r\n                <div class=\"row mb-90\">\r\n                    <div class=\"col-lg-5 col-md-12 mb-60\">\r\n                    \t                        <h3>The Odys Boutique Hotel<\/h3>\r\n                                                \t\t\t\t\t\t<p>The Odys Boutique Hotel ofrece una combinaci\u00f3n \u00fanica de lujo cl\u00e1sico y moderno en el coraz\u00f3n de la ciudad de Ho Chi Minh. Sum\u00e9rjase en un mundo de confort y elegancia, donde cada detalle est\u00e1 dise\u00f1ado para mejorar su estad\u00eda.<\/p>\r\n\t\t\t\t\t\t                                                <div class=\"reservations mb-30\">\r\n                        \t                            <div class=\"icon\"><span class=\"flaticon-call\"><\/span><\/div>\r\n                                                                                    <div class=\"text\">\r\n                                <p>Reservas<\/p> <a href=\"tel:855-100-4444\">028 38 216 915<\/a>                            <\/div>\r\n                                                    <\/div>\r\n                                                <div class=\"reservations mb-30\">\r\n                        \t                            <div class=\"icon\"><span class=\"flaticon-envelope\"><\/span><\/div>\r\n                                                                                    <div class=\"text\">\r\n                                <p>Correo electr\u00f3nico<\/p> <a href=\"mailto:contact@theodyshotel.com\">contact@theodyshotel.com<\/a>                            <\/div>\r\n                                                    <\/div>\r\n                                                <div class=\"reservations mb-30\">\r\n                        \t                            <div class=\"icon\"><span class=\"flaticon-location-pin\"><\/span><\/div>\r\n                                                                                    <div class=\"text\">\r\n                                <p>Direcci\u00f3n<\/p> 65-67-69 Calle Nguyen Thai Binh, Barrio Nguyen Thai Binh, Distrito 1, Ciudad Ho Chi Minh Vietnam                            <\/div>\r\n                                                    <\/div>\r\n                                            <\/div>\r\n                    <div class=\"col-lg-6 offset-lg-1 col-md-12 mb-30\">\r\n                        \t\t\t\t\t\t<h3>Ponte en contacto con nosotros<\/h3>\r\n\t\t\t\t\t\t\t\t\t\t\t\t\t\t\t\t\t\t\n<div class=\"wpcf7 no-js\" id=\"wpcf7-f3089-o1\" lang=\"es-ES\" dir=\"ltr\">\n<div class=\"screen-reader-response\"><p role=\"status\" aria-live=\"polite\" aria-atomic=\"true\"><\/p> <ul><\/ul><\/div>\n<form action=\"\/es\/wp-json\/wp\/v2\/pages\/3080#wpcf7-f3089-o1\" method=\"post\" class=\"wpcf7-form init\" aria-label=\"Formulario de contacto\" novalidate=\"novalidate\" data-status=\"init\">\n<div style=\"display: none;\">\n<input type=\"hidden\" name=\"_wpcf7\" value=\"3089\" \/>\n<input type=\"hidden\" name=\"_wpcf7_version\" value=\"5.9.8\" \/>\n<input type=\"hidden\" name=\"_wpcf7_locale\" value=\"es_ES\" \/>\n<input type=\"hidden\" name=\"_wpcf7_unit_tag\" value=\"wpcf7-f3089-o1\" \/>\n<input type=\"hidden\" name=\"_wpcf7_container_post\" value=\"0\" \/>\n<input type=\"hidden\" name=\"_wpcf7_posted_data_hash\" value=\"\" \/>\n<\/div>\n<p><label> Your name<br \/>\n<span class=\"wpcf7-form-control-wrap\" data-name=\"your-name\"><input size=\"40\" maxlength=\"400\" class=\"wpcf7-form-control wpcf7-text wpcf7-validates-as-required\" autocomplete=\"name\" aria-required=\"true\" aria-invalid=\"false\" value=\"\" type=\"text\" name=\"your-name\" \/><\/span> <\/label>\n<\/p>\n<p><label> Your email<br \/>\n<span class=\"wpcf7-form-control-wrap\" data-name=\"your-email\"><input size=\"40\" maxlength=\"400\" class=\"wpcf7-form-control wpcf7-email wpcf7-validates-as-required wpcf7-text wpcf7-validates-as-email\" autocomplete=\"email\" aria-required=\"true\" aria-invalid=\"false\" value=\"\" type=\"email\" name=\"your-email\" \/><\/span> <\/label>\n<\/p>\n<p><label> Subject<br \/>\n<span class=\"wpcf7-form-control-wrap\" data-name=\"your-subject\"><input size=\"40\" maxlength=\"400\" class=\"wpcf7-form-control wpcf7-text wpcf7-validates-as-required\" aria-required=\"true\" aria-invalid=\"false\" value=\"\" type=\"text\" name=\"your-subject\" \/><\/span> <\/label>\n<\/p>\n<p><label> Your Message<br \/>\n<span class=\"wpcf7-form-control-wrap\" data-name=\"your-message\"><textarea cols=\"40\" rows=\"10\" maxlength=\"2000\" class=\"wpcf7-form-control wpcf7-textarea\" aria-invalid=\"false\" name=\"your-message\"><\/textarea><\/span> <\/label>\n<\/p>\n<p><input class=\"wpcf7-form-control wpcf7-submit has-spinner\" type=\"submit\" value=\"Submit\" \/>\n<\/p><p style=\"display: none !important;\" class=\"akismet-fields-container\" data-prefix=\"_wpcf7_ak_\"><label>&#916;<textarea name=\"_wpcf7_ak_hp_textarea\" cols=\"45\" rows=\"8\" maxlength=\"100\"><\/textarea><\/label><input type=\"hidden\" id=\"ak_js_1\" name=\"_wpcf7_ak_js\" value=\"10\"\/><script>document.getElementById( \"ak_js_1\" ).setAttribute( \"value\", ( new Date() ).getTime() );<\/script><\/p><div class=\"wpcf7-response-output\" aria-hidden=\"true\"><\/div>\n<\/form>\n<\/div>\n\t\t\t\t\t\t                    <\/div>\r\n                <\/div>\r\n                <!-- Map Section -->\r\n                            <\/div>\r\n        <\/section>\r\n\r\n        \r\n\t\t\t<\/div>\n\t\t\t\t<\/div>\n\t\t\t\t\t<\/div>\n\t\t<\/div>\n\t\t\t\t\t<\/div>\n\t\t<\/section>\n\t\t<div class=\"elementor-element elementor-element-ad07678 e-flex e-con-boxed e-con e-parent\" data-id=\"ad07678\" data-element_type=\"container\">\n\t\t\t\t\t<div class=\"e-con-inner\">\n\t\t<div class=\"elementor-element elementor-element-176476f e-con-full e-flex e-con e-child\" data-id=\"176476f\" data-element_type=\"container\">\n\t\t\t\t<div class=\"elementor-element elementor-element-cf046c5 elementor-widget elementor-widget-html\" data-id=\"cf046c5\" data-element_type=\"widget\" data-widget_type=\"html.default\">\n\t\t\t\t<div class=\"elementor-widget-container\">\n\t\t\t   <h3>Ubicaci\u00f3n<\/h3>\r\n                                                \t\t\t\t\t\t<p>Para negocios y ocio. Nuestro hotel est\u00e1 ubicado en el coraz\u00f3n del Distrito 1 de Ho Chi Minh City, a solo unos pasos del Distrito Financiero de Saig\u00f3n, las principales atracciones tur\u00edsticas y los centros comerciales.\r\n<\/p>\r\n<p>\r\n    <ul>\r\n        <li>- Mercado de B\u1ebfn Th\u00e0nh 350m<\/li>\r\n        <li>- Torre Bitexco 900m<\/li>\r\n        <li>- Museo de los Restos de Guerra 1.9km<\/li>\r\n        <li>- Ayuntamiento 1.7km<\/li>\r\n        <li>- Catedral de Notre Dame 1.8km<\/li>\r\n        <li>- Centro Comercial Takashimaya 550m<\/li>\r\n        <li>- Oficina Central de Correos 1.8km<\/li>\r\n        <li>- Palacio de la Independencia 2.2km<\/li>\r\n        <li>- Aeropuerto Internacional de T\u00e2n S\u01a1n Nh\u1ea5t 7.5km<\/li>\r\n        <li>- Estaci\u00f3n de tren de Saig\u00f3n 3km<\/li>\r\n    <\/ul>\r\n<\/p>\r\n\r\n\t\t\t\t\t\t                               \t\t<\/div>\n\t\t\t\t<\/div>\n\t\t\t\t<\/div>\n\t\t<div class=\"elementor-element elementor-element-9a3e3c4 e-con-full e-flex e-con e-child\" data-id=\"9a3e3c4\" data-element_type=\"container\">\n\t\t\t\t<div class=\"elementor-element elementor-element-fa716d8 elementor-widget elementor-widget-html\" data-id=\"fa716d8\" data-element_type=\"widget\" data-widget_type=\"html.default\">\n\t\t\t\t<div class=\"elementor-widget-container\">\n\t\t\t<iframe src=\"https:\/\/www.google.com\/maps\/embed?pb=!1m18!1m12!1m3!1d3919.544989188291!2d106.69747780933768!3d10.769507689334517!2m3!1f0!2f0!3f0!3m2!1i1024!2i768!4f13.1!3m3!1m2!1s0x31752f3f8cefce9f%3A0x616bd38bd148fa02!2sThe%20Odys%20Boutique%20Hotel!5e0!3m2!1svi!2s!4v1724318397308!5m2!1svi!2s\" width=\"600\" height=\"450\" style=\"border:0;\" allowfullscreen=\"\" loading=\"lazy\" referrerpolicy=\"no-referrer-when-downgrade\" &gt;\"=\"\"><\/iframe>\t\t<\/div>\n\t\t\t\t<\/div>\n\t\t\t\t<\/div>\n\t\t\t\t\t<\/div>\n\t\t\t\t<\/div>\n\t\t\t\t<\/div>\n\t\t","protected":false},"excerpt":{"rendered":"<p>Contact Us Hotel management software The Odys Boutique Hotel The Odys Boutique Hotel ofrece una combinaci\u00f3n \u00fanica de lujo cl\u00e1sico y moderno en el coraz\u00f3n de la ciudad de Ho Chi Minh. Sum\u00e9rjase en un mundo de confort y elegancia, donde cada detalle est\u00e1 dise\u00f1ado para mejorar su estad\u00eda. Reservas 028 38 216 915 Correo [&hellip;]<\/p>\n","protected":false},"author":1,"featured_media":0,"parent":0,"menu_order":0,"comment_status":"closed","ping_status":"closed","template":"page-templates\/home.php","meta":{"inline_featured_image":false,"footnotes":""},"class_list":["post-3080","page","type-page","status-publish","hentry"],"yoast_head":"<!-- This site is optimized with the Yoast SEO plugin v26.3 - https:\/\/yoast.com\/wordpress\/plugins\/seo\/ -->\n<title>Contactos - The Odys Boutique Hotel, Ho Chi Minh | Sitio web oficial<\/title>\n<meta name=\"description\" content=\"Contacta con The Odys Boutique Hotel \u2014 encuentra nuestra direcci\u00f3n, correo electr\u00f3nico, mapa y otros datos de contacto. Estamos aqu\u00ed para ayudarte con cualquier consulta o reserva.\" \/>\n<meta name=\"robots\" content=\"index, follow, max-snippet:-1, max-image-preview:large, max-video-preview:-1\" \/>\n<link rel=\"canonical\" href=\"https:\/\/theodyshotel.com\/es\/contact-us\/\" \/>\n<meta property=\"og:locale\" content=\"es_ES\" \/>\n<meta property=\"og:type\" content=\"article\" \/>\n<meta property=\"og:title\" content=\"Contactos - The Odys Boutique Hotel, Ho Chi Minh | Sitio web oficial\" \/>\n<meta property=\"og:description\" content=\"Contacta con The Odys Boutique Hotel \u2014 encuentra nuestra direcci\u00f3n, correo electr\u00f3nico, mapa y otros datos de contacto. Estamos aqu\u00ed para ayudarte con cualquier consulta o reserva.\" \/>\n<meta property=\"og:url\" content=\"https:\/\/theodyshotel.com\/es\/contact-us\/\" \/>\n<meta property=\"og:site_name\" content=\"The Odys Boutique Hotel, Ho Chi Minh | Sitio web oficial\" \/>\n<meta property=\"article:publisher\" content=\"https:\/\/www.facebook.com\/theodysboutiquehotel\" \/>\n<meta property=\"article:modified_time\" content=\"2025-11-05T12:09:40+00:00\" \/>\n<meta name=\"twitter:card\" content=\"summary_large_image\" \/>\n<meta name=\"twitter:label1\" content=\"Tiempo de lectura\" \/>\n\t<meta name=\"twitter:data1\" content=\"1 minuto\" \/>\n<script type=\"application\/ld+json\" class=\"yoast-schema-graph\">{\"@context\":\"https:\/\/schema.org\",\"@graph\":[{\"@type\":\"WebPage\",\"@id\":\"https:\/\/theodyshotel.com\/es\/contact-us\/\",\"url\":\"https:\/\/theodyshotel.com\/es\/contact-us\/\",\"name\":\"Contactos - The Odys Boutique Hotel, Ho Chi Minh | Sitio web oficial\",\"isPartOf\":{\"@id\":\"https:\/\/theodyshotel.com\/#website\"},\"datePublished\":\"2024-05-21T09:44:01+00:00\",\"dateModified\":\"2025-11-05T12:09:40+00:00\",\"description\":\"Contacta con The Odys Boutique Hotel \u2014 encuentra nuestra direcci\u00f3n, correo electr\u00f3nico, mapa y otros datos de contacto. Estamos aqu\u00ed para ayudarte con cualquier consulta o reserva.\",\"breadcrumb\":{\"@id\":\"https:\/\/theodyshotel.com\/es\/contact-us\/#breadcrumb\"},\"inLanguage\":\"es\",\"potentialAction\":[{\"@type\":\"ReadAction\",\"target\":[\"https:\/\/theodyshotel.com\/es\/contact-us\/\"]}]},{\"@type\":\"BreadcrumbList\",\"@id\":\"https:\/\/theodyshotel.com\/es\/contact-us\/#breadcrumb\",\"itemListElement\":[{\"@type\":\"ListItem\",\"position\":1,\"name\":\"Home\",\"item\":\"https:\/\/theodyshotel.com\/es\/\"},{\"@type\":\"ListItem\",\"position\":2,\"name\":\"Contactos\"}]},{\"@type\":\"WebSite\",\"@id\":\"https:\/\/theodyshotel.com\/#website\",\"url\":\"https:\/\/theodyshotel.com\/\",\"name\":\"The Odys Boutique Hotel, Ho Chi Minh | Sitio web oficial\",\"description\":\"\",\"publisher\":{\"@id\":\"https:\/\/theodyshotel.com\/#organization\"},\"potentialAction\":[{\"@type\":\"SearchAction\",\"target\":{\"@type\":\"EntryPoint\",\"urlTemplate\":\"https:\/\/theodyshotel.com\/?s={search_term_string}\"},\"query-input\":{\"@type\":\"PropertyValueSpecification\",\"valueRequired\":true,\"valueName\":\"search_term_string\"}}],\"inLanguage\":\"es\"},{\"@type\":\"Organization\",\"@id\":\"https:\/\/theodyshotel.com\/#organization\",\"name\":\"The Odys Boutique Hotel\",\"url\":\"https:\/\/theodyshotel.com\/\",\"logo\":{\"@type\":\"ImageObject\",\"inLanguage\":\"es\",\"@id\":\"https:\/\/theodyshotel.com\/#\/schema\/logo\/image\/\",\"url\":\"https:\/\/theodyshotel.com\/wp-content\/uploads\/2024\/10\/odys-logo-2.png\",\"contentUrl\":\"https:\/\/theodyshotel.com\/wp-content\/uploads\/2024\/10\/odys-logo-2.png\",\"width\":482,\"height\":368,\"caption\":\"The Odys Boutique Hotel\"},\"image\":{\"@id\":\"https:\/\/theodyshotel.com\/#\/schema\/logo\/image\/\"},\"sameAs\":[\"https:\/\/www.facebook.com\/theodysboutiquehotel\"]}]}<\/script>\n<!-- \/ Yoast SEO plugin. -->","yoast_head_json":{"title":"Contactos - The Odys Boutique Hotel, Ho Chi Minh | Sitio web oficial","description":"Contacta con The Odys Boutique Hotel \u2014 encuentra nuestra direcci\u00f3n, correo electr\u00f3nico, mapa y otros datos de contacto. Estamos aqu\u00ed para ayudarte con cualquier consulta o reserva.","robots":{"index":"index","follow":"follow","max-snippet":"max-snippet:-1","max-image-preview":"max-image-preview:large","max-video-preview":"max-video-preview:-1"},"canonical":"https:\/\/theodyshotel.com\/es\/contact-us\/","og_locale":"es_ES","og_type":"article","og_title":"Contactos - The Odys Boutique Hotel, Ho Chi Minh | Sitio web oficial","og_description":"Contacta con The Odys Boutique Hotel \u2014 encuentra nuestra direcci\u00f3n, correo electr\u00f3nico, mapa y otros datos de contacto. Estamos aqu\u00ed para ayudarte con cualquier consulta o reserva.","og_url":"https:\/\/theodyshotel.com\/es\/contact-us\/","og_site_name":"The Odys Boutique Hotel, Ho Chi Minh | Sitio web oficial","article_publisher":"https:\/\/www.facebook.com\/theodysboutiquehotel","article_modified_time":"2025-11-05T12:09:40+00:00","twitter_card":"summary_large_image","twitter_misc":{"Tiempo de lectura":"1 minuto"},"schema":{"@context":"https:\/\/schema.org","@graph":[{"@type":"WebPage","@id":"https:\/\/theodyshotel.com\/es\/contact-us\/","url":"https:\/\/theodyshotel.com\/es\/contact-us\/","name":"Contactos - The Odys Boutique Hotel, Ho Chi Minh | Sitio web oficial","isPartOf":{"@id":"https:\/\/theodyshotel.com\/#website"},"datePublished":"2024-05-21T09:44:01+00:00","dateModified":"2025-11-05T12:09:40+00:00","description":"Contacta con The Odys Boutique Hotel \u2014 encuentra nuestra direcci\u00f3n, correo electr\u00f3nico, mapa y otros datos de contacto. Estamos aqu\u00ed para ayudarte con cualquier consulta o reserva.","breadcrumb":{"@id":"https:\/\/theodyshotel.com\/es\/contact-us\/#breadcrumb"},"inLanguage":"es","potentialAction":[{"@type":"ReadAction","target":["https:\/\/theodyshotel.com\/es\/contact-us\/"]}]},{"@type":"BreadcrumbList","@id":"https:\/\/theodyshotel.com\/es\/contact-us\/#breadcrumb","itemListElement":[{"@type":"ListItem","position":1,"name":"Home","item":"https:\/\/theodyshotel.com\/es\/"},{"@type":"ListItem","position":2,"name":"Contactos"}]},{"@type":"WebSite","@id":"https:\/\/theodyshotel.com\/#website","url":"https:\/\/theodyshotel.com\/","name":"The Odys Boutique Hotel, Ho Chi Minh | Sitio web oficial","description":"","publisher":{"@id":"https:\/\/theodyshotel.com\/#organization"},"potentialAction":[{"@type":"SearchAction","target":{"@type":"EntryPoint","urlTemplate":"https:\/\/theodyshotel.com\/?s={search_term_string}"},"query-input":{"@type":"PropertyValueSpecification","valueRequired":true,"valueName":"search_term_string"}}],"inLanguage":"es"},{"@type":"Organization","@id":"https:\/\/theodyshotel.com\/#organization","name":"The Odys Boutique Hotel","url":"https:\/\/theodyshotel.com\/","logo":{"@type":"ImageObject","inLanguage":"es","@id":"https:\/\/theodyshotel.com\/#\/schema\/logo\/image\/","url":"https:\/\/theodyshotel.com\/wp-content\/uploads\/2024\/10\/odys-logo-2.png","contentUrl":"https:\/\/theodyshotel.com\/wp-content\/uploads\/2024\/10\/odys-logo-2.png","width":482,"height":368,"caption":"The Odys Boutique Hotel"},"image":{"@id":"https:\/\/theodyshotel.com\/#\/schema\/logo\/image\/"},"sameAs":["https:\/\/www.facebook.com\/theodysboutiquehotel"]}]}},"_links":{"self":[{"href":"https:\/\/theodyshotel.com\/es\/wp-json\/wp\/v2\/pages\/3080","targetHints":{"allow":["GET"]}}],"collection":[{"href":"https:\/\/theodyshotel.com\/es\/wp-json\/wp\/v2\/pages"}],"about":[{"href":"https:\/\/theodyshotel.com\/es\/wp-json\/wp\/v2\/types\/page"}],"author":[{"embeddable":true,"href":"https:\/\/theodyshotel.com\/es\/wp-json\/wp\/v2\/users\/1"}],"replies":[{"embeddable":true,"href":"https:\/\/theodyshotel.com\/es\/wp-json\/wp\/v2\/comments?post=3080"}],"version-history":[{"count":15,"href":"https:\/\/theodyshotel.com\/es\/wp-json\/wp\/v2\/pages\/3080\/revisions"}],"predecessor-version":[{"id":6620,"href":"https:\/\/theodyshotel.com\/es\/wp-json\/wp\/v2\/pages\/3080\/revisions\/6620"}],"wp:attachment":[{"href":"https:\/\/theodyshotel.com\/es\/wp-json\/wp\/v2\/media?parent=3080"}],"curies":[{"name":"wp","href":"https:\/\/api.w.org\/{rel}","templated":true}]}}