{"id":3078,"date":"2024-05-21T09:44:01","date_gmt":"2024-05-21T09:44:01","guid":{"rendered":"https:\/\/theodyshotel.com\/contact-us\/"},"modified":"2025-11-05T12:01:28","modified_gmt":"2025-11-05T12:01:28","slug":"contact-us","status":"publish","type":"page","link":"https:\/\/theodyshotel.com\/fr\/contact-us\/","title":{"rendered":"Contacts"},"content":{"rendered":"\t\t<div data-elementor-type=\"wp-page\" data-elementor-id=\"3078\" class=\"elementor elementor-3078 elementor-421\">\n\t\t\t\t\t\t<section class=\"elementor-section elementor-top-section elementor-element elementor-element-b67e943 elementor-section-full_width elementor-section-height-default elementor-section-height-default\" data-id=\"b67e943\" data-element_type=\"section\">\n\t\t\t\t\t\t<div class=\"elementor-container elementor-column-gap-no\">\n\t\t\t\t\t<div class=\"elementor-column elementor-col-100 elementor-top-column elementor-element elementor-element-a852a71\" data-id=\"a852a71\" data-element_type=\"column\">\n\t\t\t<div class=\"elementor-widget-wrap elementor-element-populated\">\n\t\t\t\t\t\t<div class=\"elementor-element elementor-element-fbade5c elementor-align-left elementor-widget elementor-widget-pages-banner\" data-id=\"fbade5c\" data-element_type=\"widget\" data-widget_type=\"pages-banner.default\">\n\t\t\t\t<div class=\"elementor-widget-container\">\n\t\t\t\r\n\t\t\t\t<div class=\"banner-header section-padding valign bg-img bg-fixed bg-position-bottom\" data-overlay-dark=\"6\" data-background=\"https:\/\/theodyshotel.com\/wp-content\/uploads\/2024\/08\/odys-premium-1.jpg\">\r\n\t\t\t\t\t<div class=\"container\">\r\n\t\t\t\t<div class=\"row\">\r\n\t\t\t\t\t<div class=\"col-md-12 text-center caption mt-20\">\r\n\t\t\t\t\t\t\t\t\t\t\t\t\t\t\t\t\t\t\t\t\t\t\t\t<h1>Contact Us<\/h1>\r\n\t\t\t\t\t\t\t\t\t\t\t<\/div>\r\n\t\t\t\t<\/div>\r\n\t\t\t<\/div>\r\n\t\t<\/div>\r\n\r\n\t\t\r\n\t\t\t<\/div>\n\t\t\t\t<\/div>\n\t\t\t\t\t<\/div>\n\t\t<\/div>\n\t\t\t\t\t<\/div>\n\t\t<\/section>\n\t\t<div class=\"elementor-element elementor-element-af8dc61 e-con-full e-flex e-con e-parent\" data-id=\"af8dc61\" data-element_type=\"container\">\n\t\t\t\t<div class=\"elementor-element elementor-element-63a8dd7 elementor-widget elementor-widget-html\" data-id=\"63a8dd7\" data-element_type=\"widget\" data-widget_type=\"html.default\">\n\t\t\t\t<div class=\"elementor-widget-container\">\n\t\t\t<!-- start Search form script -->\n<div id=\"block-search\" class=\"block-search block-search--main\">\n  <div id=\"be-search-form\" class=\"be-container\">\n    <a href=\"https:\/\/exely.com\/\" rel=\"nofollow\" target=\"_blank\">Hotel management software<\/a>\n  <\/div>\n<\/div>\n<!-- end Search form script -->\t\t<\/div>\n\t\t\t\t<\/div>\n\t\t\t\t<\/div>\n\t\t\t\t<section class=\"elementor-section elementor-top-section elementor-element elementor-element-0dc7543 elementor-section-full_width elementor-section-height-default elementor-section-height-default\" data-id=\"0dc7543\" data-element_type=\"section\">\n\t\t\t\t\t\t<div class=\"elementor-container elementor-column-gap-no\">\n\t\t\t\t\t<div class=\"elementor-column elementor-col-100 elementor-top-column elementor-element elementor-element-945ca7e\" data-id=\"945ca7e\" data-element_type=\"column\">\n\t\t\t<div class=\"elementor-widget-wrap elementor-element-populated\">\n\t\t\t\t\t\t<div class=\"elementor-element elementor-element-3db0680 elementor-align-left elementor-widget elementor-widget-pages-contact\" data-id=\"3db0680\" data-element_type=\"widget\" data-widget_type=\"pages-contact.default\">\n\t\t\t\t<div class=\"elementor-widget-container\">\n\t\t\t\r\n\t\t<section class=\"contact section-padding\">\r\n            <div class=\"container\">\r\n                <div class=\"row mb-90\">\r\n                    <div class=\"col-lg-5 col-md-12 mb-60\">\r\n                    \t                        <h3>The Odys Boutique H\u00f4tel<\/h3>\r\n                                                \t\t\t\t\t\t<p>The Odys Boutique H\u00f4tel propose un m\u00e9lange unique de luxe classique et moderne au c\u0153ur d'Ho Chi Minh-Ville. Plongez dans un monde de confort et d'\u00e9l\u00e9gance, o\u00f9 chaque d\u00e9tail est con\u00e7u pour am\u00e9liorer votre s\u00e9jour.<\/p>\r\n\t\t\t\t\t\t                                                <div class=\"reservations mb-30\">\r\n                        \t                            <div class=\"icon\"><span class=\"flaticon-call\"><\/span><\/div>\r\n                                                                                    <div class=\"text\">\r\n                                <p>R\u00e9servation<\/p> <a href=\"tel:855-100-4444\">028 38 216 915<\/a>                            <\/div>\r\n                                                    <\/div>\r\n                                                <div class=\"reservations mb-30\">\r\n                        \t                            <div class=\"icon\"><span class=\"flaticon-envelope\"><\/span><\/div>\r\n                                                                                    <div class=\"text\">\r\n                                <p>E-mail<\/p> <a href=\"mailto:contact@theodyshotel.com\">contact@theodyshotel.com<\/a>                            <\/div>\r\n                                                    <\/div>\r\n                                                <div class=\"reservations mb-30\">\r\n                        \t                            <div class=\"icon\"><span class=\"flaticon-location-pin\"><\/span><\/div>\r\n                                                                                    <div class=\"text\">\r\n                                <p>Adresse<\/p> 65-67-69 rue Nguyen Thai Binh, quartier Nguyen Thai Binh, arrondissement 1, Ho Chi Minh-Ville, Vietnam                            <\/div>\r\n                                                    <\/div>\r\n                                            <\/div>\r\n                    <div class=\"col-lg-6 offset-lg-1 col-md-12 mb-30\">\r\n                        \t\t\t\t\t\t<h3>Contactez-nous<\/h3>\r\n\t\t\t\t\t\t\t\t\t\t\t\t\t\t\t\t\t\t\n<div class=\"wpcf7 no-js\" id=\"wpcf7-f3087-o1\" lang=\"fr-FR\" dir=\"ltr\">\n<div class=\"screen-reader-response\"><p role=\"status\" aria-live=\"polite\" aria-atomic=\"true\"><\/p> <ul><\/ul><\/div>\n<form action=\"\/fr\/wp-json\/wp\/v2\/pages\/3078#wpcf7-f3087-o1\" method=\"post\" class=\"wpcf7-form init\" aria-label=\"Formulaire de contact\" novalidate=\"novalidate\" data-status=\"init\">\n<div style=\"display: none;\">\n<input type=\"hidden\" name=\"_wpcf7\" value=\"3087\" \/>\n<input type=\"hidden\" name=\"_wpcf7_version\" value=\"5.9.8\" \/>\n<input type=\"hidden\" name=\"_wpcf7_locale\" value=\"fr_FR\" \/>\n<input type=\"hidden\" name=\"_wpcf7_unit_tag\" value=\"wpcf7-f3087-o1\" \/>\n<input type=\"hidden\" name=\"_wpcf7_container_post\" value=\"0\" \/>\n<input type=\"hidden\" name=\"_wpcf7_posted_data_hash\" value=\"\" \/>\n<\/div>\n<p><label> Your name<br \/>\n<span class=\"wpcf7-form-control-wrap\" data-name=\"your-name\"><input size=\"40\" maxlength=\"400\" class=\"wpcf7-form-control wpcf7-text wpcf7-validates-as-required\" autocomplete=\"name\" aria-required=\"true\" aria-invalid=\"false\" value=\"\" type=\"text\" name=\"your-name\" \/><\/span> <\/label>\n<\/p>\n<p><label> Your email<br \/>\n<span class=\"wpcf7-form-control-wrap\" data-name=\"your-email\"><input size=\"40\" maxlength=\"400\" class=\"wpcf7-form-control wpcf7-email wpcf7-validates-as-required wpcf7-text wpcf7-validates-as-email\" autocomplete=\"email\" aria-required=\"true\" aria-invalid=\"false\" value=\"\" type=\"email\" name=\"your-email\" \/><\/span> <\/label>\n<\/p>\n<p><label> Subject<br \/>\n<span class=\"wpcf7-form-control-wrap\" data-name=\"your-subject\"><input size=\"40\" maxlength=\"400\" class=\"wpcf7-form-control wpcf7-text wpcf7-validates-as-required\" aria-required=\"true\" aria-invalid=\"false\" value=\"\" type=\"text\" name=\"your-subject\" \/><\/span> <\/label>\n<\/p>\n<p><label> Your Message<br \/>\n<span class=\"wpcf7-form-control-wrap\" data-name=\"your-message\"><textarea cols=\"40\" rows=\"10\" maxlength=\"2000\" class=\"wpcf7-form-control wpcf7-textarea\" aria-invalid=\"false\" name=\"your-message\"><\/textarea><\/span> <\/label>\n<\/p>\n<p><input class=\"wpcf7-form-control wpcf7-submit has-spinner\" type=\"submit\" value=\"Submit\" \/>\n<\/p><p style=\"display: none !important;\" class=\"akismet-fields-container\" data-prefix=\"_wpcf7_ak_\"><label>&#916;<textarea name=\"_wpcf7_ak_hp_textarea\" cols=\"45\" rows=\"8\" maxlength=\"100\"><\/textarea><\/label><input type=\"hidden\" id=\"ak_js_1\" name=\"_wpcf7_ak_js\" value=\"198\"\/><script>document.getElementById( \"ak_js_1\" ).setAttribute( \"value\", ( new Date() ).getTime() );<\/script><\/p><div class=\"wpcf7-response-output\" aria-hidden=\"true\"><\/div>\n<\/form>\n<\/div>\n\t\t\t\t\t\t                    <\/div>\r\n                <\/div>\r\n                <!-- Map Section -->\r\n                            <\/div>\r\n        <\/section>\r\n\r\n        \r\n\t\t\t<\/div>\n\t\t\t\t<\/div>\n\t\t\t\t\t<\/div>\n\t\t<\/div>\n\t\t\t\t\t<\/div>\n\t\t<\/section>\n\t\t<div class=\"elementor-element elementor-element-ad07678 e-flex e-con-boxed e-con e-parent\" data-id=\"ad07678\" data-element_type=\"container\">\n\t\t\t\t\t<div class=\"e-con-inner\">\n\t\t<div class=\"elementor-element elementor-element-176476f e-con-full e-flex e-con e-child\" data-id=\"176476f\" data-element_type=\"container\">\n\t\t\t\t<div class=\"elementor-element elementor-element-cf046c5 elementor-widget elementor-widget-html\" data-id=\"cf046c5\" data-element_type=\"widget\" data-widget_type=\"html.default\">\n\t\t\t\t<div class=\"elementor-widget-container\">\n\t\t\t   <h3>Emplacement<\/h3>\r\n                                                \t\t\t\t\t\t<p>Pour les affaires et les loisirs. Notre h\u00f4tel est situ\u00e9 au c\u0153ur du 1er arrondissement de Ho Chi Minh-Ville, \u00e0 quelques pas du quartier financier de Saigon, des principales attractions touristiques et des centres commerciaux.\r\n<\/p>\r\n<p>\r\n    <ul>\r\n        <li>- March\u00e9 de B\u1ebfn Th\u00e0nh 350m  <\/li>\r\n        <li>- Tour Bitexco 900m<\/li>\r\n        <li>- Mus\u00e9e des vestiges de guerre 1.9km<\/li>\r\n        <li>- H\u00f4tel de ville 1.7km<\/li>\r\n        <li>- Cath\u00e9drale Notre-Dame 1.8km<\/li>\r\n        <li>- Centre commercial Takashimaya 550m<\/li>\r\n        <li>- Bureau de poste central 1.8km<\/li>\r\n        <li>- Bureau de poste central 1.8km<\/li>\r\n        <li>- A\u00e9roport international de T\u00e2n S\u01a1n Nh\u1ea5t 7.5km<\/li>\r\n        <li>- Gare de Saigon 3km<\/li>\r\n    <\/ul>\r\n<\/p>\r\n\r\n\t\t\t\t\t\t                               \t\t<\/div>\n\t\t\t\t<\/div>\n\t\t\t\t<\/div>\n\t\t<div class=\"elementor-element elementor-element-9a3e3c4 e-con-full e-flex e-con e-child\" data-id=\"9a3e3c4\" data-element_type=\"container\">\n\t\t\t\t<div class=\"elementor-element elementor-element-fa716d8 elementor-widget elementor-widget-html\" data-id=\"fa716d8\" data-element_type=\"widget\" data-widget_type=\"html.default\">\n\t\t\t\t<div class=\"elementor-widget-container\">\n\t\t\t<iframe src=\"https:\/\/www.google.com\/maps\/embed?pb=!1m18!1m12!1m3!1d3919.544989188291!2d106.69747780933768!3d10.769507689334517!2m3!1f0!2f0!3f0!3m2!1i1024!2i768!4f13.1!3m3!1m2!1s0x31752f3f8cefce9f%3A0x616bd38bd148fa02!2sThe%20Odys%20Boutique%20Hotel!5e0!3m2!1svi!2s!4v1724318397308!5m2!1svi!2s\" width=\"600\" height=\"450\" style=\"border:0;\" allowfullscreen=\"\" loading=\"lazy\" referrerpolicy=\"no-referrer-when-downgrade\" &gt;\"=\"\"><\/iframe>\t\t<\/div>\n\t\t\t\t<\/div>\n\t\t\t\t<\/div>\n\t\t\t\t\t<\/div>\n\t\t\t\t<\/div>\n\t\t\t\t<\/div>\n\t\t","protected":false},"excerpt":{"rendered":"<p>Contact Us Hotel management software The Odys Boutique H\u00f4tel The Odys Boutique H\u00f4tel propose un m\u00e9lange unique de luxe classique et moderne au c\u0153ur d&rsquo;Ho Chi Minh-Ville. Plongez dans un monde de confort et d&rsquo;\u00e9l\u00e9gance, o\u00f9 chaque d\u00e9tail est con\u00e7u pour am\u00e9liorer votre s\u00e9jour. R\u00e9servation 028 38 216 915 E-mail contact@theodyshotel.com Adresse 65-67-69 rue Nguyen [&hellip;]<\/p>\n","protected":false},"author":1,"featured_media":0,"parent":0,"menu_order":0,"comment_status":"closed","ping_status":"closed","template":"page-templates\/home.php","meta":{"inline_featured_image":false,"footnotes":""},"class_list":["post-3078","page","type-page","status-publish","hentry"],"yoast_head":"<!-- This site is optimized with the Yoast SEO plugin v26.3 - https:\/\/yoast.com\/wordpress\/plugins\/seo\/ -->\n<title>Contacts - The Odys Boutique Hotel, H\u00f4 Chi Minh | Site officiel<\/title>\n<meta name=\"description\" content=\"Contactez The Odys Boutique Hotel \u2014 d\u00e9couvrez notre adresse, email, plan et autres coordonn\u00e9es. Nous sommes \u00e0 votre disposition pour toute demande ou r\u00e9servation.\" \/>\n<meta name=\"robots\" content=\"index, follow, max-snippet:-1, max-image-preview:large, max-video-preview:-1\" \/>\n<link rel=\"canonical\" href=\"https:\/\/theodyshotel.com\/fr\/contact-us\/\" \/>\n<meta property=\"og:locale\" content=\"fr_FR\" \/>\n<meta property=\"og:type\" content=\"article\" \/>\n<meta property=\"og:title\" content=\"Contacts - The Odys Boutique Hotel, H\u00f4 Chi Minh | Site officiel\" \/>\n<meta property=\"og:description\" content=\"Contactez The Odys Boutique Hotel \u2014 d\u00e9couvrez notre adresse, email, plan et autres coordonn\u00e9es. Nous sommes \u00e0 votre disposition pour toute demande ou r\u00e9servation.\" \/>\n<meta property=\"og:url\" content=\"https:\/\/theodyshotel.com\/fr\/contact-us\/\" \/>\n<meta property=\"og:site_name\" content=\"The Odys Boutique Hotel, H\u00f4 Chi Minh | Site officiel\" \/>\n<meta property=\"article:publisher\" content=\"https:\/\/www.facebook.com\/theodysboutiquehotel\" \/>\n<meta property=\"article:modified_time\" content=\"2025-11-05T12:01:28+00:00\" \/>\n<meta name=\"twitter:card\" content=\"summary_large_image\" \/>\n<meta name=\"twitter:label1\" content=\"Dur\u00e9e de lecture estim\u00e9e\" \/>\n\t<meta name=\"twitter:data1\" content=\"1 minute\" \/>\n<script type=\"application\/ld+json\" class=\"yoast-schema-graph\">{\"@context\":\"https:\/\/schema.org\",\"@graph\":[{\"@type\":\"WebPage\",\"@id\":\"https:\/\/theodyshotel.com\/fr\/contact-us\/\",\"url\":\"https:\/\/theodyshotel.com\/fr\/contact-us\/\",\"name\":\"Contacts - The Odys Boutique Hotel, H\u00f4 Chi Minh | Site officiel\",\"isPartOf\":{\"@id\":\"https:\/\/theodyshotel.com\/#website\"},\"datePublished\":\"2024-05-21T09:44:01+00:00\",\"dateModified\":\"2025-11-05T12:01:28+00:00\",\"description\":\"Contactez The Odys Boutique Hotel \u2014 d\u00e9couvrez notre adresse, email, plan et autres coordonn\u00e9es. Nous sommes \u00e0 votre disposition pour toute demande ou r\u00e9servation.\",\"breadcrumb\":{\"@id\":\"https:\/\/theodyshotel.com\/fr\/contact-us\/#breadcrumb\"},\"inLanguage\":\"fr-FR\",\"potentialAction\":[{\"@type\":\"ReadAction\",\"target\":[\"https:\/\/theodyshotel.com\/fr\/contact-us\/\"]}]},{\"@type\":\"BreadcrumbList\",\"@id\":\"https:\/\/theodyshotel.com\/fr\/contact-us\/#breadcrumb\",\"itemListElement\":[{\"@type\":\"ListItem\",\"position\":1,\"name\":\"Home\",\"item\":\"https:\/\/theodyshotel.com\/fr\/\"},{\"@type\":\"ListItem\",\"position\":2,\"name\":\"Contacts\"}]},{\"@type\":\"WebSite\",\"@id\":\"https:\/\/theodyshotel.com\/#website\",\"url\":\"https:\/\/theodyshotel.com\/\",\"name\":\"The Odys Boutique Hotel, H\u00f4 Chi Minh | Site officiel\",\"description\":\"\",\"publisher\":{\"@id\":\"https:\/\/theodyshotel.com\/#organization\"},\"potentialAction\":[{\"@type\":\"SearchAction\",\"target\":{\"@type\":\"EntryPoint\",\"urlTemplate\":\"https:\/\/theodyshotel.com\/?s={search_term_string}\"},\"query-input\":{\"@type\":\"PropertyValueSpecification\",\"valueRequired\":true,\"valueName\":\"search_term_string\"}}],\"inLanguage\":\"fr-FR\"},{\"@type\":\"Organization\",\"@id\":\"https:\/\/theodyshotel.com\/#organization\",\"name\":\"The Odys Boutique Hotel\",\"url\":\"https:\/\/theodyshotel.com\/\",\"logo\":{\"@type\":\"ImageObject\",\"inLanguage\":\"fr-FR\",\"@id\":\"https:\/\/theodyshotel.com\/#\/schema\/logo\/image\/\",\"url\":\"https:\/\/theodyshotel.com\/wp-content\/uploads\/2024\/10\/odys-logo-2.png\",\"contentUrl\":\"https:\/\/theodyshotel.com\/wp-content\/uploads\/2024\/10\/odys-logo-2.png\",\"width\":482,\"height\":368,\"caption\":\"The Odys Boutique Hotel\"},\"image\":{\"@id\":\"https:\/\/theodyshotel.com\/#\/schema\/logo\/image\/\"},\"sameAs\":[\"https:\/\/www.facebook.com\/theodysboutiquehotel\"]}]}<\/script>\n<!-- \/ Yoast SEO plugin. -->","yoast_head_json":{"title":"Contacts - The Odys Boutique Hotel, H\u00f4 Chi Minh | Site officiel","description":"Contactez The Odys Boutique Hotel \u2014 d\u00e9couvrez notre adresse, email, plan et autres coordonn\u00e9es. Nous sommes \u00e0 votre disposition pour toute demande ou r\u00e9servation.","robots":{"index":"index","follow":"follow","max-snippet":"max-snippet:-1","max-image-preview":"max-image-preview:large","max-video-preview":"max-video-preview:-1"},"canonical":"https:\/\/theodyshotel.com\/fr\/contact-us\/","og_locale":"fr_FR","og_type":"article","og_title":"Contacts - The Odys Boutique Hotel, H\u00f4 Chi Minh | Site officiel","og_description":"Contactez The Odys Boutique Hotel \u2014 d\u00e9couvrez notre adresse, email, plan et autres coordonn\u00e9es. Nous sommes \u00e0 votre disposition pour toute demande ou r\u00e9servation.","og_url":"https:\/\/theodyshotel.com\/fr\/contact-us\/","og_site_name":"The Odys Boutique Hotel, H\u00f4 Chi Minh | Site officiel","article_publisher":"https:\/\/www.facebook.com\/theodysboutiquehotel","article_modified_time":"2025-11-05T12:01:28+00:00","twitter_card":"summary_large_image","twitter_misc":{"Dur\u00e9e de lecture estim\u00e9e":"1 minute"},"schema":{"@context":"https:\/\/schema.org","@graph":[{"@type":"WebPage","@id":"https:\/\/theodyshotel.com\/fr\/contact-us\/","url":"https:\/\/theodyshotel.com\/fr\/contact-us\/","name":"Contacts - The Odys Boutique Hotel, H\u00f4 Chi Minh | Site officiel","isPartOf":{"@id":"https:\/\/theodyshotel.com\/#website"},"datePublished":"2024-05-21T09:44:01+00:00","dateModified":"2025-11-05T12:01:28+00:00","description":"Contactez The Odys Boutique Hotel \u2014 d\u00e9couvrez notre adresse, email, plan et autres coordonn\u00e9es. Nous sommes \u00e0 votre disposition pour toute demande ou r\u00e9servation.","breadcrumb":{"@id":"https:\/\/theodyshotel.com\/fr\/contact-us\/#breadcrumb"},"inLanguage":"fr-FR","potentialAction":[{"@type":"ReadAction","target":["https:\/\/theodyshotel.com\/fr\/contact-us\/"]}]},{"@type":"BreadcrumbList","@id":"https:\/\/theodyshotel.com\/fr\/contact-us\/#breadcrumb","itemListElement":[{"@type":"ListItem","position":1,"name":"Home","item":"https:\/\/theodyshotel.com\/fr\/"},{"@type":"ListItem","position":2,"name":"Contacts"}]},{"@type":"WebSite","@id":"https:\/\/theodyshotel.com\/#website","url":"https:\/\/theodyshotel.com\/","name":"The Odys Boutique Hotel, H\u00f4 Chi Minh | Site officiel","description":"","publisher":{"@id":"https:\/\/theodyshotel.com\/#organization"},"potentialAction":[{"@type":"SearchAction","target":{"@type":"EntryPoint","urlTemplate":"https:\/\/theodyshotel.com\/?s={search_term_string}"},"query-input":{"@type":"PropertyValueSpecification","valueRequired":true,"valueName":"search_term_string"}}],"inLanguage":"fr-FR"},{"@type":"Organization","@id":"https:\/\/theodyshotel.com\/#organization","name":"The Odys Boutique Hotel","url":"https:\/\/theodyshotel.com\/","logo":{"@type":"ImageObject","inLanguage":"fr-FR","@id":"https:\/\/theodyshotel.com\/#\/schema\/logo\/image\/","url":"https:\/\/theodyshotel.com\/wp-content\/uploads\/2024\/10\/odys-logo-2.png","contentUrl":"https:\/\/theodyshotel.com\/wp-content\/uploads\/2024\/10\/odys-logo-2.png","width":482,"height":368,"caption":"The Odys Boutique Hotel"},"image":{"@id":"https:\/\/theodyshotel.com\/#\/schema\/logo\/image\/"},"sameAs":["https:\/\/www.facebook.com\/theodysboutiquehotel"]}]}},"_links":{"self":[{"href":"https:\/\/theodyshotel.com\/fr\/wp-json\/wp\/v2\/pages\/3078","targetHints":{"allow":["GET"]}}],"collection":[{"href":"https:\/\/theodyshotel.com\/fr\/wp-json\/wp\/v2\/pages"}],"about":[{"href":"https:\/\/theodyshotel.com\/fr\/wp-json\/wp\/v2\/types\/page"}],"author":[{"embeddable":true,"href":"https:\/\/theodyshotel.com\/fr\/wp-json\/wp\/v2\/users\/1"}],"replies":[{"embeddable":true,"href":"https:\/\/theodyshotel.com\/fr\/wp-json\/wp\/v2\/comments?post=3078"}],"version-history":[{"count":17,"href":"https:\/\/theodyshotel.com\/fr\/wp-json\/wp\/v2\/pages\/3078\/revisions"}],"predecessor-version":[{"id":6619,"href":"https:\/\/theodyshotel.com\/fr\/wp-json\/wp\/v2\/pages\/3078\/revisions\/6619"}],"wp:attachment":[{"href":"https:\/\/theodyshotel.com\/fr\/wp-json\/wp\/v2\/media?parent=3078"}],"curies":[{"name":"wp","href":"https:\/\/api.w.org\/{rel}","templated":true}]}}