{"id":3081,"date":"2024-05-21T09:44:01","date_gmt":"2024-05-21T09:44:01","guid":{"rendered":"https:\/\/theodyshotel.com\/contact-us\/"},"modified":"2025-11-05T12:16:17","modified_gmt":"2025-11-05T12:16:17","slug":"contact-us","status":"publish","type":"page","link":"https:\/\/theodyshotel.com\/vi\/contact-us\/","title":{"rendered":"Danh b\u1ea1"},"content":{"rendered":"\t\t<div data-elementor-type=\"wp-page\" data-elementor-id=\"3081\" class=\"elementor elementor-3081 elementor-421\">\n\t\t\t\t\t\t<section class=\"elementor-section elementor-top-section elementor-element elementor-element-b67e943 elementor-section-full_width elementor-section-height-default elementor-section-height-default\" data-id=\"b67e943\" data-element_type=\"section\">\n\t\t\t\t\t\t<div class=\"elementor-container elementor-column-gap-no\">\n\t\t\t\t\t<div class=\"elementor-column elementor-col-100 elementor-top-column elementor-element elementor-element-a852a71\" data-id=\"a852a71\" data-element_type=\"column\">\n\t\t\t<div class=\"elementor-widget-wrap elementor-element-populated\">\n\t\t\t\t\t\t<div class=\"elementor-element elementor-element-fbade5c elementor-align-left elementor-widget elementor-widget-pages-banner\" data-id=\"fbade5c\" data-element_type=\"widget\" data-widget_type=\"pages-banner.default\">\n\t\t\t\t<div class=\"elementor-widget-container\">\n\t\t\t\r\n\t\t\t\t<div class=\"banner-header section-padding valign bg-img bg-fixed bg-position-bottom\" data-overlay-dark=\"6\" data-background=\"https:\/\/theodyshotel.com\/wp-content\/uploads\/2024\/08\/odys-premium-1.jpg\">\r\n\t\t\t\t\t<div class=\"container\">\r\n\t\t\t\t<div class=\"row\">\r\n\t\t\t\t\t<div class=\"col-md-12 text-center caption mt-20\">\r\n\t\t\t\t\t\t\t\t\t\t\t\t\t\t\t\t\t\t\t\t\t\t\t\t<h1>Contact Us<\/h1>\r\n\t\t\t\t\t\t\t\t\t\t\t<\/div>\r\n\t\t\t\t<\/div>\r\n\t\t\t<\/div>\r\n\t\t<\/div>\r\n\r\n\t\t\r\n\t\t\t<\/div>\n\t\t\t\t<\/div>\n\t\t\t\t\t<\/div>\n\t\t<\/div>\n\t\t\t\t\t<\/div>\n\t\t<\/section>\n\t\t<div class=\"elementor-element elementor-element-0f9424d e-con-full e-flex e-con e-parent\" data-id=\"0f9424d\" data-element_type=\"container\">\n\t\t\t\t<div class=\"elementor-element elementor-element-a9f6aba elementor-widget elementor-widget-html\" data-id=\"a9f6aba\" data-element_type=\"widget\" data-widget_type=\"html.default\">\n\t\t\t\t<div class=\"elementor-widget-container\">\n\t\t\t<!-- start Search form script -->\n<div id=\"block-search\" class=\"block-search block-search--main\">\n  <div id=\"be-search-form\" class=\"be-container\">\n    <a href=\"https:\/\/exely.com\/\" rel=\"nofollow\" target=\"_blank\">Hotel management software<\/a>\n  <\/div>\n<\/div>\n<!-- end Search form script -->\t\t<\/div>\n\t\t\t\t<\/div>\n\t\t\t\t<\/div>\n\t\t\t\t<section class=\"elementor-section elementor-top-section elementor-element elementor-element-0dc7543 elementor-section-full_width elementor-section-height-default elementor-section-height-default\" data-id=\"0dc7543\" data-element_type=\"section\">\n\t\t\t\t\t\t<div class=\"elementor-container elementor-column-gap-no\">\n\t\t\t\t\t<div class=\"elementor-column elementor-col-100 elementor-top-column elementor-element elementor-element-945ca7e\" data-id=\"945ca7e\" data-element_type=\"column\">\n\t\t\t<div class=\"elementor-widget-wrap elementor-element-populated\">\n\t\t\t\t\t\t<div class=\"elementor-element elementor-element-3db0680 elementor-align-left elementor-widget elementor-widget-pages-contact\" data-id=\"3db0680\" data-element_type=\"widget\" data-widget_type=\"pages-contact.default\">\n\t\t\t\t<div class=\"elementor-widget-container\">\n\t\t\t\r\n\t\t<section class=\"contact section-padding\">\r\n            <div class=\"container\">\r\n                <div class=\"row mb-90\">\r\n                    <div class=\"col-lg-5 col-md-12 mb-60\">\r\n                    \t                        <h3>Kh\u00e1ch S\u1ea1n The Odys Boutique <\/h3>\r\n                                                \t\t\t\t\t\t<p>Kh\u00e1ch s\u1ea1n The Odys Boutique  mang \u0111\u1ebfn s\u1ef1 pha tr\u1ed9n \u0111\u1ed9c \u0111\u00e1o gi\u1eefa phong c\u00e1ch sang tr\u1ecdng c\u1ed5 \u0111i\u1ec3n v\u00e0 hi\u1ec7n \u0111\u1ea1i ngay t\u1ea1i trung t\u00e2m Th\u00e0nh ph\u1ed1 H\u1ed3 Ch\u00ed Minh. H\u00e3y \u0111\u1eafm m\u00ecnh trong th\u1ebf gi\u1edbi ti\u1ec7n nghi v\u00e0 sang tr\u1ecdng, n\u01a1i m\u1ecdi chi ti\u1ebft \u0111\u1ec1u \u0111\u01b0\u1ee3c thi\u1ebft k\u1ebf \u0111\u1ec3 n\u00e2ng cao tr\u1ea3i nghi\u1ec7m l\u01b0u tr\u00fa c\u1ee7a qu\u00fd kh\u00e1ch.<\/p>\r\n\t\t\t\t\t\t                                                <div class=\"reservations mb-30\">\r\n                        \t                            <div class=\"icon\"><span class=\"flaticon-call\"><\/span><\/div>\r\n                                                                                    <div class=\"text\">\r\n                                <p>T\u1ed5ng \u0111\u00e0i<\/p> <a href=\"tel:855-100-4444\">028 38 216 915<\/a>                            <\/div>\r\n                                                    <\/div>\r\n                                                <div class=\"reservations mb-30\">\r\n                        \t                            <div class=\"icon\"><span class=\"flaticon-envelope\"><\/span><\/div>\r\n                                                                                    <div class=\"text\">\r\n                                <p>\u0110\u1ecba Ch\u1ec9 Email <\/p> <a href=\"mailto:contact@theodyshotel.com\">contact@theodyshotel.com<\/a>                            <\/div>\r\n                                                    <\/div>\r\n                                                <div class=\"reservations mb-30\">\r\n                        \t                            <div class=\"icon\"><span class=\"flaticon-location-pin\"><\/span><\/div>\r\n                                                                                    <div class=\"text\">\r\n                                <p>\u0110\u1ecba ch\u1ec9<\/p> 65-67-69 Nguy\u1ec5n Th\u00e1i B\u00ecnh, Ph\u01b0\u1eddng Nguy\u1ec5n Th\u00e1i B\u00ecnh, Qu\u1eadn 1, Th\u00e0nh ph\u1ed1 H\u1ed3 Ch\u00ed Minh, Vi\u1ec7t Nam                            <\/div>\r\n                                                    <\/div>\r\n                                            <\/div>\r\n                    <div class=\"col-lg-6 offset-lg-1 col-md-12 mb-30\">\r\n                        \t\t\t\t\t\t<h3>Li\u00ean h\u1ec7 v\u1edbi ch\u00fang t\u00f4i<\/h3>\r\n\t\t\t\t\t\t\t\t\t\t\t\t\t\t\t\t\t\t\n<div class=\"wpcf7 no-js\" id=\"wpcf7-f3090-o1\" lang=\"vi-VN\" dir=\"ltr\">\n<div class=\"screen-reader-response\"><p role=\"status\" aria-live=\"polite\" aria-atomic=\"true\"><\/p> <ul><\/ul><\/div>\n<form action=\"\/vi\/wp-json\/wp\/v2\/pages\/3081#wpcf7-f3090-o1\" method=\"post\" class=\"wpcf7-form init\" aria-label=\"Contact form\" novalidate=\"novalidate\" data-status=\"init\">\n<div style=\"display: none;\">\n<input type=\"hidden\" name=\"_wpcf7\" value=\"3090\" \/>\n<input type=\"hidden\" name=\"_wpcf7_version\" value=\"5.9.8\" \/>\n<input type=\"hidden\" name=\"_wpcf7_locale\" value=\"vi_VN\" \/>\n<input type=\"hidden\" name=\"_wpcf7_unit_tag\" value=\"wpcf7-f3090-o1\" \/>\n<input type=\"hidden\" name=\"_wpcf7_container_post\" value=\"0\" \/>\n<input type=\"hidden\" name=\"_wpcf7_posted_data_hash\" value=\"\" \/>\n<\/div>\n<p><label> Your name<br \/>\n<span class=\"wpcf7-form-control-wrap\" data-name=\"your-name\"><input size=\"40\" maxlength=\"400\" class=\"wpcf7-form-control wpcf7-text wpcf7-validates-as-required\" autocomplete=\"name\" aria-required=\"true\" aria-invalid=\"false\" value=\"\" type=\"text\" name=\"your-name\" \/><\/span> <\/label>\n<\/p>\n<p><label> Your email<br \/>\n<span class=\"wpcf7-form-control-wrap\" data-name=\"your-email\"><input size=\"40\" maxlength=\"400\" class=\"wpcf7-form-control wpcf7-email wpcf7-validates-as-required wpcf7-text wpcf7-validates-as-email\" autocomplete=\"email\" aria-required=\"true\" aria-invalid=\"false\" value=\"\" type=\"email\" name=\"your-email\" \/><\/span> <\/label>\n<\/p>\n<p><label> Subject<br \/>\n<span class=\"wpcf7-form-control-wrap\" data-name=\"your-subject\"><input size=\"40\" maxlength=\"400\" class=\"wpcf7-form-control wpcf7-text wpcf7-validates-as-required\" aria-required=\"true\" aria-invalid=\"false\" value=\"\" type=\"text\" name=\"your-subject\" \/><\/span> <\/label>\n<\/p>\n<p><label> Your Message<br \/>\n<span class=\"wpcf7-form-control-wrap\" data-name=\"your-message\"><textarea cols=\"40\" rows=\"10\" maxlength=\"2000\" class=\"wpcf7-form-control wpcf7-textarea\" aria-invalid=\"false\" name=\"your-message\"><\/textarea><\/span> <\/label>\n<\/p>\n<p><input class=\"wpcf7-form-control wpcf7-submit has-spinner\" type=\"submit\" value=\"Submit\" \/>\n<\/p><p style=\"display: none !important;\" class=\"akismet-fields-container\" data-prefix=\"_wpcf7_ak_\"><label>&#916;<textarea name=\"_wpcf7_ak_hp_textarea\" cols=\"45\" rows=\"8\" maxlength=\"100\"><\/textarea><\/label><input type=\"hidden\" id=\"ak_js_1\" name=\"_wpcf7_ak_js\" value=\"176\"\/><script>document.getElementById( \"ak_js_1\" ).setAttribute( \"value\", ( new Date() ).getTime() );<\/script><\/p><div class=\"wpcf7-response-output\" aria-hidden=\"true\"><\/div>\n<\/form>\n<\/div>\n\t\t\t\t\t\t                    <\/div>\r\n                <\/div>\r\n                <!-- Map Section -->\r\n                            <\/div>\r\n        <\/section>\r\n\r\n        \r\n\t\t\t<\/div>\n\t\t\t\t<\/div>\n\t\t\t\t\t<\/div>\n\t\t<\/div>\n\t\t\t\t\t<\/div>\n\t\t<\/section>\n\t\t<div class=\"elementor-element elementor-element-ad07678 e-flex e-con-boxed e-con e-parent\" data-id=\"ad07678\" data-element_type=\"container\">\n\t\t\t\t\t<div class=\"e-con-inner\">\n\t\t<div class=\"elementor-element elementor-element-176476f e-con-full e-flex e-con e-child\" data-id=\"176476f\" data-element_type=\"container\">\n\t\t\t\t<div class=\"elementor-element elementor-element-cf046c5 elementor-widget elementor-widget-html\" data-id=\"cf046c5\" data-element_type=\"widget\" data-widget_type=\"html.default\">\n\t\t\t\t<div class=\"elementor-widget-container\">\n\t\t\t   <h3>V\u1ecb Tr\u00ed<\/h3>\r\n                                                \t\t\t\t\t\t<p>N\u01a1i giao h\u00f2a gi\u1eefa c\u00f4ng vi\u1ec7c v\u00e0 cu\u1ed9c s\u1ed1ng. Kh\u00e1ch s\u1ea1n c\u1ee7a ch\u00fang t\u00f4i, t\u1ecda l\u1ea1c t\u1ea1i v\u1ecb tr\u00ed \u0111\u1eafc \u0111\u1ecba ngay trung t\u00e2m Qu\u1eadn 1, k\u1ebft n\u1ed1i b\u1ea1n v\u1edbi m\u1ecdi ho\u1ea1t \u0111\u1ed9ng s\u00f4i \u0111\u1ed9ng c\u1ee7a th\u00e0nh ph\u1ed1.\r\n<\/p>\r\n<p>\r\n    <ul>\r\n        <li>- Ch\u1ee3 B\u1ebfn Th\u00e0nh 350m<\/li>\r\n        <li>- T\u00f2a nh\u00e0 t\u00e0i ch\u00ednh Bitexco 900m<\/li>\r\n        <li>- B\u1ea3o t\u00e0ng Chi\u1ebfn tranh 1.9km<\/li>\r\n        <li>- T\u00f2a nh\u00e0 UBND Th\u00e0nh ph\u1ed1 H\u1ed3 Ch\u00ed Minh 1.7km<\/li>\r\n        <li>- Nh\u00e0 th\u1edd \u0110\u1ee9c B\u00e0 1.8km<\/li>\r\n        <li>- Trung t\u00e2m th\u01b0\u01a1ng m\u1ea1i Takashimaya 550m<\/li>\r\n        <li>- B\u01b0u \u0111i\u1ec7n Th\u00e0nh Ph\u1ed1 1.8km<\/li>\r\n        <li>- Dinh \u0110\u1ed9c L\u1eadp 2.2km<\/li>\r\n        <li>- S\u00e2n bay Qu\u1ed1c t\u1ebf T\u00e2n S\u01a1n Nh\u1ea5t  7.5km<\/li>\r\n        <li>- Ga S\u00e0i G\u00f2n 3km<\/li>\r\n    <\/ul>\r\n<\/p>\r\n\r\n\t\t\t\t\t\t                               \t\t<\/div>\n\t\t\t\t<\/div>\n\t\t\t\t<\/div>\n\t\t<div class=\"elementor-element elementor-element-9a3e3c4 e-con-full e-flex e-con e-child\" data-id=\"9a3e3c4\" data-element_type=\"container\">\n\t\t\t\t<div class=\"elementor-element elementor-element-fa716d8 elementor-widget elementor-widget-html\" data-id=\"fa716d8\" data-element_type=\"widget\" data-widget_type=\"html.default\">\n\t\t\t\t<div class=\"elementor-widget-container\">\n\t\t\t<iframe src=\"https:\/\/www.google.com\/maps\/embed?pb=!1m18!1m12!1m3!1d3919.544989188291!2d106.69747780933768!3d10.769507689334517!2m3!1f0!2f0!3f0!3m2!1i1024!2i768!4f13.1!3m3!1m2!1s0x31752f3f8cefce9f%3A0x616bd38bd148fa02!2sThe%20Odys%20Boutique%20Hotel!5e0!3m2!1svi!2s!4v1724318397308!5m2!1svi!2s\" width=\"600\" height=\"450\" style=\"border:0;\" allowfullscreen=\"\" loading=\"lazy\" referrerpolicy=\"no-referrer-when-downgrade\" &gt;\"=\"\"><\/iframe>\t\t<\/div>\n\t\t\t\t<\/div>\n\t\t\t\t<\/div>\n\t\t\t\t\t<\/div>\n\t\t\t\t<\/div>\n\t\t\t\t<\/div>\n\t\t","protected":false},"excerpt":{"rendered":"<p>Contact Us Hotel management software Kh\u00e1ch S\u1ea1n The Odys Boutique Kh\u00e1ch s\u1ea1n The Odys Boutique mang \u0111\u1ebfn s\u1ef1 pha tr\u1ed9n \u0111\u1ed9c \u0111\u00e1o gi\u1eefa phong c\u00e1ch sang tr\u1ecdng c\u1ed5 \u0111i\u1ec3n v\u00e0 hi\u1ec7n \u0111\u1ea1i ngay t\u1ea1i trung t\u00e2m Th\u00e0nh ph\u1ed1 H\u1ed3 Ch\u00ed Minh. H\u00e3y \u0111\u1eafm m\u00ecnh trong th\u1ebf gi\u1edbi ti\u1ec7n nghi v\u00e0 sang tr\u1ecdng, n\u01a1i m\u1ecdi chi [&hellip;]<\/p>\n","protected":false},"author":1,"featured_media":0,"parent":0,"menu_order":0,"comment_status":"closed","ping_status":"closed","template":"page-templates\/home.php","meta":{"inline_featured_image":false,"footnotes":""},"class_list":["post-3081","page","type-page","status-publish","hentry"],"yoast_head":"<!-- This site is optimized with the Yoast SEO plugin v26.3 - https:\/\/yoast.com\/wordpress\/plugins\/seo\/ -->\n<title>Danh b\u1ea1 - The Odys Boutique Hotel, H\u1ed3 Ch\u00ed Minh | Trang web ch\u00ednh th\u1ee9c<\/title>\n<meta name=\"description\" content=\"Li\u00ean h\u1ec7 The Odys Boutique Hotel \u2014 t\u00ecm \u0111\u1ecba ch\u1ec9, email, b\u1ea3n \u0111\u1ed3 v\u00e0 c\u00e1c th\u00f4ng tin li\u00ean l\u1ea1c kh\u00e1c. Ch\u00fang t\u00f4i s\u1eb5n s\u00e0ng h\u1ed7 tr\u1ee3 b\u1ea1n v\u1edbi m\u1ecdi th\u1eafc m\u1eafc ho\u1eb7c y\u00eau c\u1ea7u \u0111\u1eb7t ph\u00f2ng.\" \/>\n<meta name=\"robots\" content=\"index, follow, max-snippet:-1, max-image-preview:large, max-video-preview:-1\" \/>\n<link rel=\"canonical\" href=\"https:\/\/theodyshotel.com\/vi\/contact-us\/\" \/>\n<meta property=\"og:locale\" content=\"vi_VN\" \/>\n<meta property=\"og:type\" content=\"article\" \/>\n<meta property=\"og:title\" content=\"Danh b\u1ea1 - The Odys Boutique Hotel, H\u1ed3 Ch\u00ed Minh | Trang web ch\u00ednh th\u1ee9c\" \/>\n<meta property=\"og:description\" content=\"Li\u00ean h\u1ec7 The Odys Boutique Hotel \u2014 t\u00ecm \u0111\u1ecba ch\u1ec9, email, b\u1ea3n \u0111\u1ed3 v\u00e0 c\u00e1c th\u00f4ng tin li\u00ean l\u1ea1c kh\u00e1c. Ch\u00fang t\u00f4i s\u1eb5n s\u00e0ng h\u1ed7 tr\u1ee3 b\u1ea1n v\u1edbi m\u1ecdi th\u1eafc m\u1eafc ho\u1eb7c y\u00eau c\u1ea7u \u0111\u1eb7t ph\u00f2ng.\" \/>\n<meta property=\"og:url\" content=\"https:\/\/theodyshotel.com\/vi\/contact-us\/\" \/>\n<meta property=\"og:site_name\" content=\"The Odys Boutique Hotel, H\u1ed3 Ch\u00ed Minh | Trang web ch\u00ednh th\u1ee9c\" \/>\n<meta property=\"article:publisher\" content=\"https:\/\/www.facebook.com\/theodysboutiquehotel\" \/>\n<meta property=\"article:modified_time\" content=\"2025-11-05T12:16:17+00:00\" \/>\n<meta name=\"twitter:card\" content=\"summary_large_image\" \/>\n<meta name=\"twitter:label1\" content=\"Est. reading time\" \/>\n\t<meta name=\"twitter:data1\" content=\"1 minute\" \/>\n<script type=\"application\/ld+json\" class=\"yoast-schema-graph\">{\"@context\":\"https:\/\/schema.org\",\"@graph\":[{\"@type\":\"WebPage\",\"@id\":\"https:\/\/theodyshotel.com\/vi\/contact-us\/\",\"url\":\"https:\/\/theodyshotel.com\/vi\/contact-us\/\",\"name\":\"Danh b\u1ea1 - The Odys Boutique Hotel, H\u1ed3 Ch\u00ed Minh | Trang web ch\u00ednh th\u1ee9c\",\"isPartOf\":{\"@id\":\"https:\/\/theodyshotel.com\/#website\"},\"datePublished\":\"2024-05-21T09:44:01+00:00\",\"dateModified\":\"2025-11-05T12:16:17+00:00\",\"description\":\"Li\u00ean h\u1ec7 The Odys Boutique Hotel \u2014 t\u00ecm \u0111\u1ecba ch\u1ec9, email, b\u1ea3n \u0111\u1ed3 v\u00e0 c\u00e1c th\u00f4ng tin li\u00ean l\u1ea1c kh\u00e1c. Ch\u00fang t\u00f4i s\u1eb5n s\u00e0ng h\u1ed7 tr\u1ee3 b\u1ea1n v\u1edbi m\u1ecdi th\u1eafc m\u1eafc ho\u1eb7c y\u00eau c\u1ea7u \u0111\u1eb7t ph\u00f2ng.\",\"breadcrumb\":{\"@id\":\"https:\/\/theodyshotel.com\/vi\/contact-us\/#breadcrumb\"},\"inLanguage\":\"vi-VN\",\"potentialAction\":[{\"@type\":\"ReadAction\",\"target\":[\"https:\/\/theodyshotel.com\/vi\/contact-us\/\"]}]},{\"@type\":\"BreadcrumbList\",\"@id\":\"https:\/\/theodyshotel.com\/vi\/contact-us\/#breadcrumb\",\"itemListElement\":[{\"@type\":\"ListItem\",\"position\":1,\"name\":\"Home\",\"item\":\"https:\/\/theodyshotel.com\/vi\/\"},{\"@type\":\"ListItem\",\"position\":2,\"name\":\"Danh b\u1ea1\"}]},{\"@type\":\"WebSite\",\"@id\":\"https:\/\/theodyshotel.com\/#website\",\"url\":\"https:\/\/theodyshotel.com\/\",\"name\":\"The Odys Boutique Hotel, H\u1ed3 Ch\u00ed Minh | Trang web ch\u00ednh th\u1ee9c\",\"description\":\"\",\"publisher\":{\"@id\":\"https:\/\/theodyshotel.com\/#organization\"},\"potentialAction\":[{\"@type\":\"SearchAction\",\"target\":{\"@type\":\"EntryPoint\",\"urlTemplate\":\"https:\/\/theodyshotel.com\/?s={search_term_string}\"},\"query-input\":{\"@type\":\"PropertyValueSpecification\",\"valueRequired\":true,\"valueName\":\"search_term_string\"}}],\"inLanguage\":\"vi-VN\"},{\"@type\":\"Organization\",\"@id\":\"https:\/\/theodyshotel.com\/#organization\",\"name\":\"The Odys Boutique Hotel\",\"url\":\"https:\/\/theodyshotel.com\/\",\"logo\":{\"@type\":\"ImageObject\",\"inLanguage\":\"vi-VN\",\"@id\":\"https:\/\/theodyshotel.com\/#\/schema\/logo\/image\/\",\"url\":\"https:\/\/theodyshotel.com\/wp-content\/uploads\/2024\/10\/odys-logo-2.png\",\"contentUrl\":\"https:\/\/theodyshotel.com\/wp-content\/uploads\/2024\/10\/odys-logo-2.png\",\"width\":482,\"height\":368,\"caption\":\"The Odys Boutique Hotel\"},\"image\":{\"@id\":\"https:\/\/theodyshotel.com\/#\/schema\/logo\/image\/\"},\"sameAs\":[\"https:\/\/www.facebook.com\/theodysboutiquehotel\"]}]}<\/script>\n<!-- \/ Yoast SEO plugin. -->","yoast_head_json":{"title":"Danh b\u1ea1 - The Odys Boutique Hotel, H\u1ed3 Ch\u00ed Minh | Trang web ch\u00ednh th\u1ee9c","description":"Li\u00ean h\u1ec7 The Odys Boutique Hotel \u2014 t\u00ecm \u0111\u1ecba ch\u1ec9, email, b\u1ea3n \u0111\u1ed3 v\u00e0 c\u00e1c th\u00f4ng tin li\u00ean l\u1ea1c kh\u00e1c. Ch\u00fang t\u00f4i s\u1eb5n s\u00e0ng h\u1ed7 tr\u1ee3 b\u1ea1n v\u1edbi m\u1ecdi th\u1eafc m\u1eafc ho\u1eb7c y\u00eau c\u1ea7u \u0111\u1eb7t ph\u00f2ng.","robots":{"index":"index","follow":"follow","max-snippet":"max-snippet:-1","max-image-preview":"max-image-preview:large","max-video-preview":"max-video-preview:-1"},"canonical":"https:\/\/theodyshotel.com\/vi\/contact-us\/","og_locale":"vi_VN","og_type":"article","og_title":"Danh b\u1ea1 - The Odys Boutique Hotel, H\u1ed3 Ch\u00ed Minh | Trang web ch\u00ednh th\u1ee9c","og_description":"Li\u00ean h\u1ec7 The Odys Boutique Hotel \u2014 t\u00ecm \u0111\u1ecba ch\u1ec9, email, b\u1ea3n \u0111\u1ed3 v\u00e0 c\u00e1c th\u00f4ng tin li\u00ean l\u1ea1c kh\u00e1c. Ch\u00fang t\u00f4i s\u1eb5n s\u00e0ng h\u1ed7 tr\u1ee3 b\u1ea1n v\u1edbi m\u1ecdi th\u1eafc m\u1eafc ho\u1eb7c y\u00eau c\u1ea7u \u0111\u1eb7t ph\u00f2ng.","og_url":"https:\/\/theodyshotel.com\/vi\/contact-us\/","og_site_name":"The Odys Boutique Hotel, H\u1ed3 Ch\u00ed Minh | Trang web ch\u00ednh th\u1ee9c","article_publisher":"https:\/\/www.facebook.com\/theodysboutiquehotel","article_modified_time":"2025-11-05T12:16:17+00:00","twitter_card":"summary_large_image","twitter_misc":{"Est. reading time":"1 minute"},"schema":{"@context":"https:\/\/schema.org","@graph":[{"@type":"WebPage","@id":"https:\/\/theodyshotel.com\/vi\/contact-us\/","url":"https:\/\/theodyshotel.com\/vi\/contact-us\/","name":"Danh b\u1ea1 - The Odys Boutique Hotel, H\u1ed3 Ch\u00ed Minh | Trang web ch\u00ednh th\u1ee9c","isPartOf":{"@id":"https:\/\/theodyshotel.com\/#website"},"datePublished":"2024-05-21T09:44:01+00:00","dateModified":"2025-11-05T12:16:17+00:00","description":"Li\u00ean h\u1ec7 The Odys Boutique Hotel \u2014 t\u00ecm \u0111\u1ecba ch\u1ec9, email, b\u1ea3n \u0111\u1ed3 v\u00e0 c\u00e1c th\u00f4ng tin li\u00ean l\u1ea1c kh\u00e1c. Ch\u00fang t\u00f4i s\u1eb5n s\u00e0ng h\u1ed7 tr\u1ee3 b\u1ea1n v\u1edbi m\u1ecdi th\u1eafc m\u1eafc ho\u1eb7c y\u00eau c\u1ea7u \u0111\u1eb7t ph\u00f2ng.","breadcrumb":{"@id":"https:\/\/theodyshotel.com\/vi\/contact-us\/#breadcrumb"},"inLanguage":"vi-VN","potentialAction":[{"@type":"ReadAction","target":["https:\/\/theodyshotel.com\/vi\/contact-us\/"]}]},{"@type":"BreadcrumbList","@id":"https:\/\/theodyshotel.com\/vi\/contact-us\/#breadcrumb","itemListElement":[{"@type":"ListItem","position":1,"name":"Home","item":"https:\/\/theodyshotel.com\/vi\/"},{"@type":"ListItem","position":2,"name":"Danh b\u1ea1"}]},{"@type":"WebSite","@id":"https:\/\/theodyshotel.com\/#website","url":"https:\/\/theodyshotel.com\/","name":"The Odys Boutique Hotel, H\u1ed3 Ch\u00ed Minh | Trang web ch\u00ednh th\u1ee9c","description":"","publisher":{"@id":"https:\/\/theodyshotel.com\/#organization"},"potentialAction":[{"@type":"SearchAction","target":{"@type":"EntryPoint","urlTemplate":"https:\/\/theodyshotel.com\/?s={search_term_string}"},"query-input":{"@type":"PropertyValueSpecification","valueRequired":true,"valueName":"search_term_string"}}],"inLanguage":"vi-VN"},{"@type":"Organization","@id":"https:\/\/theodyshotel.com\/#organization","name":"The Odys Boutique Hotel","url":"https:\/\/theodyshotel.com\/","logo":{"@type":"ImageObject","inLanguage":"vi-VN","@id":"https:\/\/theodyshotel.com\/#\/schema\/logo\/image\/","url":"https:\/\/theodyshotel.com\/wp-content\/uploads\/2024\/10\/odys-logo-2.png","contentUrl":"https:\/\/theodyshotel.com\/wp-content\/uploads\/2024\/10\/odys-logo-2.png","width":482,"height":368,"caption":"The Odys Boutique Hotel"},"image":{"@id":"https:\/\/theodyshotel.com\/#\/schema\/logo\/image\/"},"sameAs":["https:\/\/www.facebook.com\/theodysboutiquehotel"]}]}},"_links":{"self":[{"href":"https:\/\/theodyshotel.com\/vi\/wp-json\/wp\/v2\/pages\/3081","targetHints":{"allow":["GET"]}}],"collection":[{"href":"https:\/\/theodyshotel.com\/vi\/wp-json\/wp\/v2\/pages"}],"about":[{"href":"https:\/\/theodyshotel.com\/vi\/wp-json\/wp\/v2\/types\/page"}],"author":[{"embeddable":true,"href":"https:\/\/theodyshotel.com\/vi\/wp-json\/wp\/v2\/users\/1"}],"replies":[{"embeddable":true,"href":"https:\/\/theodyshotel.com\/vi\/wp-json\/wp\/v2\/comments?post=3081"}],"version-history":[{"count":17,"href":"https:\/\/theodyshotel.com\/vi\/wp-json\/wp\/v2\/pages\/3081\/revisions"}],"predecessor-version":[{"id":6621,"href":"https:\/\/theodyshotel.com\/vi\/wp-json\/wp\/v2\/pages\/3081\/revisions\/6621"}],"wp:attachment":[{"href":"https:\/\/theodyshotel.com\/vi\/wp-json\/wp\/v2\/media?parent=3081"}],"curies":[{"name":"wp","href":"https:\/\/api.w.org\/{rel}","templated":true}]}}