{"id":5916,"date":"2024-08-25T12:38:18","date_gmt":"2024-08-25T12:38:18","guid":{"rendered":"https:\/\/theodyshotel.com\/booking\/"},"modified":"2025-11-05T07:53:32","modified_gmt":"2025-11-05T07:53:32","slug":"booking","status":"publish","type":"page","link":"https:\/\/theodyshotel.com\/vi\/booking\/","title":{"rendered":"Booking"},"content":{"rendered":"\t\t<div data-elementor-type=\"wp-page\" data-elementor-id=\"5916\" class=\"elementor elementor-5916 elementor-898\">\n\t\t\t\t<div class=\"elementor-element elementor-element-ff2b721 e-con-full e-flex e-con e-parent\" data-id=\"ff2b721\" data-element_type=\"container\">\n\t\t\t\t<div class=\"elementor-element elementor-element-8902c0d elementor-align-left elementor-widget elementor-widget-pages-banner\" data-id=\"8902c0d\" data-element_type=\"widget\" data-widget_type=\"pages-banner.default\">\n\t\t\t\t<div class=\"elementor-widget-container\">\n\t\t\t\r\n\t\t\t\t<div class=\"banner-header section-padding valign bg-img bg-fixed bg-position-bottom\" data-overlay-dark=\"6\" data-background=\"https:\/\/theodyshotel.com\/wp-content\/uploads\/2024\/08\/odys-premium-800.jpg\">\r\n\t\t\t\t\t<div class=\"container\">\r\n\t\t\t\t<div class=\"row\">\r\n\t\t\t\t\t<div class=\"col-md-12 text-center caption mt-20\">\r\n\t\t\t\t\t\t\t\t\t\t\t\t\t\t\t\t\t\t\t\t\t\t\t\t<h1>Booking<\/h1>\r\n\t\t\t\t\t\t\t\t\t\t\t<\/div>\r\n\t\t\t\t<\/div>\r\n\t\t\t<\/div>\r\n\t\t<\/div>\r\n\r\n\t\t\r\n\t\t\t<\/div>\n\t\t\t\t<\/div>\n\t\t\t\t<\/div>\n\t\t<div class=\"elementor-element elementor-element-cb4807f e-con-full e-flex e-con e-parent\" data-id=\"cb4807f\" data-element_type=\"container\">\n\t\t\t\t<div class=\"elementor-element elementor-element-283173f elementor-widget elementor-widget-html\" data-id=\"283173f\" data-element_type=\"widget\" data-widget_type=\"html.default\">\n\t\t\t\t<div class=\"elementor-widget-container\">\n\t\t\t<style>\n.banner-header {\n    height: auto;\n    min-height: auto;\n    padding: 80px 0;\n}\n\n#be-booking-form {\n    width: 100%;\n    max-width: 1020px;\n    margin: 0 auto;\n}\n\n#tl-booking-cart {\n    z-index: 1 !important;\n}\n\n.cappa-footer,\n.footer-about-social-list,\n#button-contact-vr,\n.progress-wrap {\n    display: none !important;\n}\n<\/style>\n<!-- start Booking form script -->\n<div id=\"be-booking-form\"><\/div>\n<!-- end Booking form script -->\t\t<\/div>\n\t\t\t\t<\/div>\n\t\t\t\t<\/div>\n\t\t\t\t<\/div>\n\t\t","protected":false},"excerpt":{"rendered":"<p>Booking<\/p>\n","protected":false},"author":1,"featured_media":0,"parent":0,"menu_order":0,"comment_status":"closed","ping_status":"closed","template":"page-templates\/home.php","meta":{"inline_featured_image":false,"footnotes":""},"class_list":["post-5916","page","type-page","status-publish","hentry"],"yoast_head":"<!-- This site is optimized with the Yoast SEO plugin v26.3 - https:\/\/yoast.com\/wordpress\/plugins\/seo\/ -->\n<title>Booking - The Odys Boutique Hotel, H\u1ed3 Ch\u00ed Minh | Trang web ch\u00ednh th\u1ee9c<\/title>\n<meta name=\"description\" content=\"\u0110\u1eb7t ch\u1ed7 ngh\u1ec9 t\u1ea1i H\u1ed3 Ch\u00ed Minh m\u1ed9t c\u00e1ch d\u1ec5 d\u00e0ng v\u00e0 nhanh ch\u00f3ng \u2014 t\u1eadn h\u01b0\u1edfng gi\u00e1 t\u1ed1t nh\u1ea5t v\u00e0 \u01b0u \u0111\u00e3i \u0111\u1ed9c quy\u1ec1n ch\u1ec9 tr\u00ean trang web ch\u00ednh th\u1ee9c.\" \/>\n<meta name=\"robots\" content=\"index, follow, max-snippet:-1, max-image-preview:large, max-video-preview:-1\" \/>\n<link rel=\"canonical\" href=\"https:\/\/theodyshotel.com\/vi\/booking\/\" \/>\n<meta property=\"og:locale\" content=\"vi_VN\" \/>\n<meta property=\"og:type\" content=\"article\" \/>\n<meta property=\"og:title\" content=\"Booking - The Odys Boutique Hotel, H\u1ed3 Ch\u00ed Minh | Trang web ch\u00ednh th\u1ee9c\" \/>\n<meta property=\"og:description\" content=\"\u0110\u1eb7t ch\u1ed7 ngh\u1ec9 t\u1ea1i H\u1ed3 Ch\u00ed Minh m\u1ed9t c\u00e1ch d\u1ec5 d\u00e0ng v\u00e0 nhanh ch\u00f3ng \u2014 t\u1eadn h\u01b0\u1edfng gi\u00e1 t\u1ed1t nh\u1ea5t v\u00e0 \u01b0u \u0111\u00e3i \u0111\u1ed9c quy\u1ec1n ch\u1ec9 tr\u00ean trang web ch\u00ednh th\u1ee9c.\" \/>\n<meta property=\"og:url\" content=\"https:\/\/theodyshotel.com\/vi\/booking\/\" \/>\n<meta property=\"og:site_name\" content=\"The Odys Boutique Hotel, H\u1ed3 Ch\u00ed Minh | Trang web ch\u00ednh th\u1ee9c\" \/>\n<meta property=\"article:publisher\" content=\"https:\/\/www.facebook.com\/theodysboutiquehotel\" \/>\n<meta property=\"article:modified_time\" content=\"2025-11-05T07:53:32+00:00\" \/>\n<meta name=\"twitter:card\" content=\"summary_large_image\" \/>\n<meta name=\"twitter:label1\" content=\"Est. reading time\" \/>\n\t<meta name=\"twitter:data1\" content=\"1 minute\" \/>\n<script type=\"application\/ld+json\" class=\"yoast-schema-graph\">{\"@context\":\"https:\/\/schema.org\",\"@graph\":[{\"@type\":\"WebPage\",\"@id\":\"https:\/\/theodyshotel.com\/vi\/booking\/\",\"url\":\"https:\/\/theodyshotel.com\/vi\/booking\/\",\"name\":\"Booking - The Odys Boutique Hotel, H\u1ed3 Ch\u00ed Minh | Trang web ch\u00ednh th\u1ee9c\",\"isPartOf\":{\"@id\":\"https:\/\/theodyshotel.com\/#website\"},\"datePublished\":\"2024-08-25T12:38:18+00:00\",\"dateModified\":\"2025-11-05T07:53:32+00:00\",\"description\":\"\u0110\u1eb7t ch\u1ed7 ngh\u1ec9 t\u1ea1i H\u1ed3 Ch\u00ed Minh m\u1ed9t c\u00e1ch d\u1ec5 d\u00e0ng v\u00e0 nhanh ch\u00f3ng \u2014 t\u1eadn h\u01b0\u1edfng gi\u00e1 t\u1ed1t nh\u1ea5t v\u00e0 \u01b0u \u0111\u00e3i \u0111\u1ed9c quy\u1ec1n ch\u1ec9 tr\u00ean trang web ch\u00ednh th\u1ee9c.\",\"breadcrumb\":{\"@id\":\"https:\/\/theodyshotel.com\/vi\/booking\/#breadcrumb\"},\"inLanguage\":\"vi-VN\",\"potentialAction\":[{\"@type\":\"ReadAction\",\"target\":[\"https:\/\/theodyshotel.com\/vi\/booking\/\"]}]},{\"@type\":\"BreadcrumbList\",\"@id\":\"https:\/\/theodyshotel.com\/vi\/booking\/#breadcrumb\",\"itemListElement\":[{\"@type\":\"ListItem\",\"position\":1,\"name\":\"Home\",\"item\":\"https:\/\/theodyshotel.com\/vi\/\"},{\"@type\":\"ListItem\",\"position\":2,\"name\":\"Booking\"}]},{\"@type\":\"WebSite\",\"@id\":\"https:\/\/theodyshotel.com\/#website\",\"url\":\"https:\/\/theodyshotel.com\/\",\"name\":\"The Odys Boutique Hotel, H\u1ed3 Ch\u00ed Minh | Trang web ch\u00ednh th\u1ee9c\",\"description\":\"\",\"publisher\":{\"@id\":\"https:\/\/theodyshotel.com\/#organization\"},\"potentialAction\":[{\"@type\":\"SearchAction\",\"target\":{\"@type\":\"EntryPoint\",\"urlTemplate\":\"https:\/\/theodyshotel.com\/?s={search_term_string}\"},\"query-input\":{\"@type\":\"PropertyValueSpecification\",\"valueRequired\":true,\"valueName\":\"search_term_string\"}}],\"inLanguage\":\"vi-VN\"},{\"@type\":\"Organization\",\"@id\":\"https:\/\/theodyshotel.com\/#organization\",\"name\":\"The Odys Boutique Hotel\",\"url\":\"https:\/\/theodyshotel.com\/\",\"logo\":{\"@type\":\"ImageObject\",\"inLanguage\":\"vi-VN\",\"@id\":\"https:\/\/theodyshotel.com\/#\/schema\/logo\/image\/\",\"url\":\"https:\/\/theodyshotel.com\/wp-content\/uploads\/2024\/10\/odys-logo-2.png\",\"contentUrl\":\"https:\/\/theodyshotel.com\/wp-content\/uploads\/2024\/10\/odys-logo-2.png\",\"width\":482,\"height\":368,\"caption\":\"The Odys Boutique Hotel\"},\"image\":{\"@id\":\"https:\/\/theodyshotel.com\/#\/schema\/logo\/image\/\"},\"sameAs\":[\"https:\/\/www.facebook.com\/theodysboutiquehotel\"]}]}<\/script>\n<!-- \/ Yoast SEO plugin. -->","yoast_head_json":{"title":"Booking - The Odys Boutique Hotel, H\u1ed3 Ch\u00ed Minh | Trang web ch\u00ednh th\u1ee9c","description":"\u0110\u1eb7t ch\u1ed7 ngh\u1ec9 t\u1ea1i H\u1ed3 Ch\u00ed Minh m\u1ed9t c\u00e1ch d\u1ec5 d\u00e0ng v\u00e0 nhanh ch\u00f3ng \u2014 t\u1eadn h\u01b0\u1edfng gi\u00e1 t\u1ed1t nh\u1ea5t v\u00e0 \u01b0u \u0111\u00e3i \u0111\u1ed9c quy\u1ec1n ch\u1ec9 tr\u00ean trang web ch\u00ednh th\u1ee9c.","robots":{"index":"index","follow":"follow","max-snippet":"max-snippet:-1","max-image-preview":"max-image-preview:large","max-video-preview":"max-video-preview:-1"},"canonical":"https:\/\/theodyshotel.com\/vi\/booking\/","og_locale":"vi_VN","og_type":"article","og_title":"Booking - The Odys Boutique Hotel, H\u1ed3 Ch\u00ed Minh | Trang web ch\u00ednh th\u1ee9c","og_description":"\u0110\u1eb7t ch\u1ed7 ngh\u1ec9 t\u1ea1i H\u1ed3 Ch\u00ed Minh m\u1ed9t c\u00e1ch d\u1ec5 d\u00e0ng v\u00e0 nhanh ch\u00f3ng \u2014 t\u1eadn h\u01b0\u1edfng gi\u00e1 t\u1ed1t nh\u1ea5t v\u00e0 \u01b0u \u0111\u00e3i \u0111\u1ed9c quy\u1ec1n ch\u1ec9 tr\u00ean trang web ch\u00ednh th\u1ee9c.","og_url":"https:\/\/theodyshotel.com\/vi\/booking\/","og_site_name":"The Odys Boutique Hotel, H\u1ed3 Ch\u00ed Minh | Trang web ch\u00ednh th\u1ee9c","article_publisher":"https:\/\/www.facebook.com\/theodysboutiquehotel","article_modified_time":"2025-11-05T07:53:32+00:00","twitter_card":"summary_large_image","twitter_misc":{"Est. reading time":"1 minute"},"schema":{"@context":"https:\/\/schema.org","@graph":[{"@type":"WebPage","@id":"https:\/\/theodyshotel.com\/vi\/booking\/","url":"https:\/\/theodyshotel.com\/vi\/booking\/","name":"Booking - The Odys Boutique Hotel, H\u1ed3 Ch\u00ed Minh | Trang web ch\u00ednh th\u1ee9c","isPartOf":{"@id":"https:\/\/theodyshotel.com\/#website"},"datePublished":"2024-08-25T12:38:18+00:00","dateModified":"2025-11-05T07:53:32+00:00","description":"\u0110\u1eb7t ch\u1ed7 ngh\u1ec9 t\u1ea1i H\u1ed3 Ch\u00ed Minh m\u1ed9t c\u00e1ch d\u1ec5 d\u00e0ng v\u00e0 nhanh ch\u00f3ng \u2014 t\u1eadn h\u01b0\u1edfng gi\u00e1 t\u1ed1t nh\u1ea5t v\u00e0 \u01b0u \u0111\u00e3i \u0111\u1ed9c quy\u1ec1n ch\u1ec9 tr\u00ean trang web ch\u00ednh th\u1ee9c.","breadcrumb":{"@id":"https:\/\/theodyshotel.com\/vi\/booking\/#breadcrumb"},"inLanguage":"vi-VN","potentialAction":[{"@type":"ReadAction","target":["https:\/\/theodyshotel.com\/vi\/booking\/"]}]},{"@type":"BreadcrumbList","@id":"https:\/\/theodyshotel.com\/vi\/booking\/#breadcrumb","itemListElement":[{"@type":"ListItem","position":1,"name":"Home","item":"https:\/\/theodyshotel.com\/vi\/"},{"@type":"ListItem","position":2,"name":"Booking"}]},{"@type":"WebSite","@id":"https:\/\/theodyshotel.com\/#website","url":"https:\/\/theodyshotel.com\/","name":"The Odys Boutique Hotel, H\u1ed3 Ch\u00ed Minh | Trang web ch\u00ednh th\u1ee9c","description":"","publisher":{"@id":"https:\/\/theodyshotel.com\/#organization"},"potentialAction":[{"@type":"SearchAction","target":{"@type":"EntryPoint","urlTemplate":"https:\/\/theodyshotel.com\/?s={search_term_string}"},"query-input":{"@type":"PropertyValueSpecification","valueRequired":true,"valueName":"search_term_string"}}],"inLanguage":"vi-VN"},{"@type":"Organization","@id":"https:\/\/theodyshotel.com\/#organization","name":"The Odys Boutique Hotel","url":"https:\/\/theodyshotel.com\/","logo":{"@type":"ImageObject","inLanguage":"vi-VN","@id":"https:\/\/theodyshotel.com\/#\/schema\/logo\/image\/","url":"https:\/\/theodyshotel.com\/wp-content\/uploads\/2024\/10\/odys-logo-2.png","contentUrl":"https:\/\/theodyshotel.com\/wp-content\/uploads\/2024\/10\/odys-logo-2.png","width":482,"height":368,"caption":"The Odys Boutique Hotel"},"image":{"@id":"https:\/\/theodyshotel.com\/#\/schema\/logo\/image\/"},"sameAs":["https:\/\/www.facebook.com\/theodysboutiquehotel"]}]}},"_links":{"self":[{"href":"https:\/\/theodyshotel.com\/vi\/wp-json\/wp\/v2\/pages\/5916","targetHints":{"allow":["GET"]}}],"collection":[{"href":"https:\/\/theodyshotel.com\/vi\/wp-json\/wp\/v2\/pages"}],"about":[{"href":"https:\/\/theodyshotel.com\/vi\/wp-json\/wp\/v2\/types\/page"}],"author":[{"embeddable":true,"href":"https:\/\/theodyshotel.com\/vi\/wp-json\/wp\/v2\/users\/1"}],"replies":[{"embeddable":true,"href":"https:\/\/theodyshotel.com\/vi\/wp-json\/wp\/v2\/comments?post=5916"}],"version-history":[{"count":11,"href":"https:\/\/theodyshotel.com\/vi\/wp-json\/wp\/v2\/pages\/5916\/revisions"}],"predecessor-version":[{"id":6598,"href":"https:\/\/theodyshotel.com\/vi\/wp-json\/wp\/v2\/pages\/5916\/revisions\/6598"}],"wp:attachment":[{"href":"https:\/\/theodyshotel.com\/vi\/wp-json\/wp\/v2\/media?parent=5916"}],"curies":[{"name":"wp","href":"https:\/\/api.w.org\/{rel}","templated":true}]}}